{"id":2,"date":"2021-12-10T14:33:33","date_gmt":"2021-12-10T17:33:33","guid":{"rendered":"https:\/\/agronegocio.insumoagricola.com.br\/?page_id=2"},"modified":"2022-02-01T16:34:22","modified_gmt":"2022-02-01T19:34:22","slug":"blog-mais-agronegocio","status":"publish","type":"page","link":"https:\/\/agronegocio.insumoagricola.com.br\/?page_id=2","title":{"rendered":"Blog"},"content":{"rendered":"","protected":false},"excerpt":{"rendered":"","protected":false},"author":2,"featured_media":0,"parent":0,"menu_order":1,"comment_status":"closed","ping_status":"closed","template":"","meta":{"footnotes":""},"class_list":["post-2","page","type-page","status-publish","hentry"],"yoast_head":"<!-- This site is optimized with the Yoast SEO plugin v20.13 - https:\/\/yoast.com\/wordpress\/plugins\/seo\/ -->\n<title>Insumo Agr\u00edcola - O blog do agroneg\u00f3cio<\/title>\n<meta name=\"description\" content=\"Seu canal de conhecimento sobre o Universo Agro. Saiba tudo sobre inova\u00e7\u00e3o, agroneg\u00f3cio brasileiro, gest\u00e3o, insumos e novidades agro.\" \/>\n<meta name=\"robots\" content=\"index, follow, max-snippet:-1, max-image-preview:large, max-video-preview:-1\" \/>\n<link rel=\"canonical\" href=\"https:\/\/agronegocio.insumoagricola.com.br\/?page_id=2\" \/>\n<meta property=\"og:locale\" content=\"pt_BR\" \/>\n<meta property=\"og:type\" content=\"article\" \/>\n<meta property=\"og:title\" content=\"Insumo Agr\u00edcola - O blog do agroneg\u00f3cio\" \/>\n<meta property=\"og:description\" content=\"Seu canal de conhecimento sobre o Universo Agro. Saiba tudo sobre inova\u00e7\u00e3o, agroneg\u00f3cio brasileiro, gest\u00e3o, insumos e novidades agro.\" \/>\n<meta property=\"og:url\" content=\"https:\/\/agronegocio.insumoagricola.com.br\/?page_id=2\" \/>\n<meta property=\"og:site_name\" content=\"Insumo Agr\u00edcola\" \/>\n<meta property=\"article:modified_time\" content=\"2022-02-01T19:34:22+00:00\" \/>\n<meta name=\"twitter:card\" content=\"summary_large_image\" \/>\n<script type=\"application\/ld+json\" class=\"yoast-schema-graph\">{\"@context\":\"https:\/\/schema.org\",\"@graph\":[{\"@type\":[\"WebPage\",\"CollectionPage\"],\"@id\":\"https:\/\/agronegocio.insumoagricola.com.br\/?page_id=2\",\"url\":\"https:\/\/agronegocio.insumoagricola.com.br\/?page_id=2\",\"name\":\"Insumo Agr\u00edcola - O blog do agroneg\u00f3cio\",\"isPartOf\":{\"@id\":\"https:\/\/agronegocio.insumoagricola.com.br\/#website\"},\"datePublished\":\"2021-12-10T17:33:33+00:00\",\"dateModified\":\"2022-02-01T19:34:22+00:00\",\"description\":\"Seu canal de conhecimento sobre o Universo Agro. Saiba tudo sobre inova\u00e7\u00e3o, agroneg\u00f3cio brasileiro, gest\u00e3o, insumos e novidades agro.\",\"breadcrumb\":{\"@id\":\"https:\/\/agronegocio.insumoagricola.com.br\/?page_id=2#breadcrumb\"},\"inLanguage\":\"pt-BR\"},{\"@type\":\"BreadcrumbList\",\"@id\":\"https:\/\/agronegocio.insumoagricola.com.br\/?page_id=2#breadcrumb\",\"itemListElement\":[{\"@type\":\"ListItem\",\"position\":1,\"name\":\"Home\",\"item\":\"https:\/\/agronegocio.insumoagricola.com.br\/\"},{\"@type\":\"ListItem\",\"position\":2,\"name\":\"Blog\"}]},{\"@type\":\"WebSite\",\"@id\":\"https:\/\/agronegocio.insumoagricola.com.br\/#website\",\"url\":\"https:\/\/agronegocio.insumoagricola.com.br\/\",\"name\":\"Insumo Agr\u00edcola\",\"description\":\"\",\"potentialAction\":[{\"@type\":\"SearchAction\",\"target\":{\"@type\":\"EntryPoint\",\"urlTemplate\":\"https:\/\/agronegocio.insumoagricola.com.br\/?s={search_term_string}\"},\"query-input\":\"required name=search_term_string\"}],\"inLanguage\":\"pt-BR\"}]}<\/script>\n<!-- \/ Yoast SEO plugin. -->","yoast_head_json":{"title":"Insumo Agr\u00edcola - O blog do agroneg\u00f3cio","description":"Seu canal de conhecimento sobre o Universo Agro. Saiba tudo sobre inova\u00e7\u00e3o, agroneg\u00f3cio brasileiro, gest\u00e3o, insumos e novidades agro.","robots":{"index":"index","follow":"follow","max-snippet":"max-snippet:-1","max-image-preview":"max-image-preview:large","max-video-preview":"max-video-preview:-1"},"canonical":"https:\/\/agronegocio.insumoagricola.com.br\/?page_id=2","og_locale":"pt_BR","og_type":"article","og_title":"Insumo Agr\u00edcola - O blog do agroneg\u00f3cio","og_description":"Seu canal de conhecimento sobre o Universo Agro. Saiba tudo sobre inova\u00e7\u00e3o, agroneg\u00f3cio brasileiro, gest\u00e3o, insumos e novidades agro.","og_url":"https:\/\/agronegocio.insumoagricola.com.br\/?page_id=2","og_site_name":"Insumo Agr\u00edcola","article_modified_time":"2022-02-01T19:34:22+00:00","twitter_card":"summary_large_image","schema":{"@context":"https:\/\/schema.org","@graph":[{"@type":["WebPage","CollectionPage"],"@id":"https:\/\/agronegocio.insumoagricola.com.br\/?page_id=2","url":"https:\/\/agronegocio.insumoagricola.com.br\/?page_id=2","name":"Insumo Agr\u00edcola - O blog do agroneg\u00f3cio","isPartOf":{"@id":"https:\/\/agronegocio.insumoagricola.com.br\/#website"},"datePublished":"2021-12-10T17:33:33+00:00","dateModified":"2022-02-01T19:34:22+00:00","description":"Seu canal de conhecimento sobre o Universo Agro. Saiba tudo sobre inova\u00e7\u00e3o, agroneg\u00f3cio brasileiro, gest\u00e3o, insumos e novidades agro.","breadcrumb":{"@id":"https:\/\/agronegocio.insumoagricola.com.br\/?page_id=2#breadcrumb"},"inLanguage":"pt-BR"},{"@type":"BreadcrumbList","@id":"https:\/\/agronegocio.insumoagricola.com.br\/?page_id=2#breadcrumb","itemListElement":[{"@type":"ListItem","position":1,"name":"Home","item":"https:\/\/agronegocio.insumoagricola.com.br\/"},{"@type":"ListItem","position":2,"name":"Blog"}]},{"@type":"WebSite","@id":"https:\/\/agronegocio.insumoagricola.com.br\/#website","url":"https:\/\/agronegocio.insumoagricola.com.br\/","name":"Insumo Agr\u00edcola","description":"","potentialAction":[{"@type":"SearchAction","target":{"@type":"EntryPoint","urlTemplate":"https:\/\/agronegocio.insumoagricola.com.br\/?s={search_term_string}"},"query-input":"required name=search_term_string"}],"inLanguage":"pt-BR"}]}},"_links":{"self":[{"href":"https:\/\/agronegocio.insumoagricola.com.br\/index.php?rest_route=\/wp\/v2\/pages\/2","targetHints":{"allow":["GET"]}}],"collection":[{"href":"https:\/\/agronegocio.insumoagricola.com.br\/index.php?rest_route=\/wp\/v2\/pages"}],"about":[{"href":"https:\/\/agronegocio.insumoagricola.com.br\/index.php?rest_route=\/wp\/v2\/types\/page"}],"author":[{"embeddable":true,"href":"https:\/\/agronegocio.insumoagricola.com.br\/index.php?rest_route=\/wp\/v2\/users\/2"}],"replies":[{"embeddable":true,"href":"https:\/\/agronegocio.insumoagricola.com.br\/index.php?rest_route=%2Fwp%2Fv2%2Fcomments&post=2"}],"version-history":[{"count":11,"href":"https:\/\/agronegocio.insumoagricola.com.br\/index.php?rest_route=\/wp\/v2\/pages\/2\/revisions"}],"predecessor-version":[{"id":151,"href":"https:\/\/agronegocio.insumoagricola.com.br\/index.php?rest_route=\/wp\/v2\/pages\/2\/revisions\/151"}],"wp:attachment":[{"href":"https:\/\/agronegocio.insumoagricola.com.br\/index.php?rest_route=%2Fwp%2Fv2%2Fmedia&parent=2"}],"curies":[{"name":"wp","href":"https:\/\/api.w.org\/{rel}","templated":true}]}}